{"id":1324,"date":"2024-07-25T03:30:53","date_gmt":"2024-07-25T03:30:53","guid":{"rendered":"https:\/\/sesgos.situada.online\/about\/"},"modified":"2024-12-15T02:46:27","modified_gmt":"2024-12-15T02:46:27","slug":"proyecto","status":"publish","type":"page","link":"https:\/\/sesgos.situada.online\/en\/proyecto\/","title":{"rendered":"About the Project"},"content":{"rendered":"<div class=\"wp-block-uagb-container uagb-block-3ad17e27 alignfull uagb-is-root-container\"><div class=\"uagb-container-inner-blocks-wrap\">\n<div class=\"wp-block-uagb-advanced-heading uagb-block-8a1eebc0\"><h1 class=\"uagb-heading-text\">About the Project<\/h1><\/div>\n<\/div><\/div>\n\n\n\n<div class=\"wp-block-uagb-container uagb-block-25da8f58 alignfull uagb-is-root-container\"><div class=\"uagb-container-inner-blocks-wrap\">\n<div class=\"wp-block-uagb-container uagb-block-6ce7e9f9 alignfull uagb-is-root-container\"><div class=\"uagb-container-inner-blocks-wrap\">\n<div class=\"wp-block-uagb-info-box uagb-block-c16cd1ba uagb-infobox__content-wrap  uagb-infobox-icon-above-title uagb-infobox-image-valign-top\"><div class=\"uagb-ifb-content\"><div class=\"uagb-ifb-title-wrap\"><h3 class=\"uagb-ifb-title\"><strong>Background<\/strong><\/h3><\/div><p class=\"uagb-ifb-desc\">El proyecto Sesgos en el Desarrollo Tecnol\u00f3gico analiza c\u00f3mo las tecnolog\u00edas reproducen y amplifican desigualdades de g\u00e9nero, clase, etnicidad y ubicaci\u00f3n geogr\u00e1fica en Am\u00e9rica Latina y el Caribe (ALAC). Desde una perspectiva feminista situada, aborda los sesgos presentes en el \u00e1mbito p\u00fablico, la investigaci\u00f3n acad\u00e9mica y el sector privado, identificando c\u00f3mo estas brechas afectan el acceso y participaci\u00f3n equitativa. A trav\u00e9s de un an\u00e1lisis exhaustivo, busca visibilizar desigualdades y proponer estrategias inclusivas para transformar el ecosistema tecnol\u00f3gico de la regi\u00f3n. La investigaci\u00f3n incluye el mapeo de pol\u00edticas STEM, representaci\u00f3n de mujeres en la ciencia y desigualdades en el financiamiento de startups. El proyecto tambi\u00e9n fomenta la colaboraci\u00f3n interdisciplinaria para dise\u00f1ar herramientas m\u00e1s inclusivas y justas, promoviendo un entorno tecnol\u00f3gico donde todas las personas puedan participar y prosperar en igualdad de condiciones.<\/p><\/div><\/div>\n<\/div><\/div>\n<\/div><\/div>\n\n\n\n<div class=\"wp-block-uagb-container uagb-block-8f1ec495 alignfull uagb-is-root-container\"><div class=\"uagb-container-inner-blocks-wrap\">\n<div class=\"wp-block-uagb-container uagb-block-f58add27 alignfull uagb-is-root-container\"><div class=\"uagb-container-inner-blocks-wrap\">\n<div class=\"wp-block-uagb-container uagb-block-e0d4fef0 alignfull uagb-is-root-container\"><div class=\"uagb-container-inner-blocks-wrap\">\n<div class=\"wp-block-uagb-advanced-heading uagb-block-c5fdb3a6\"><h2 class=\"uagb-heading-text\">General Objective<\/h2><\/div>\n\n\n\n<div class=\"wp-block-uagb-advanced-heading uagb-block-0f752393\"><h2 class=\"uagb-heading-text\">Analizar los sesgos en la tecnolog\u00eda en ALAC desde una perspectiva feminista situada, identificando brechas y desigualdades en la producci\u00f3n, acceso y uso de tecnolog\u00edas, para proponer estrategias inclusivas que promuevan equidad y justicia tecnol\u00f3gica.<\/h2><\/div>\n\n\n\n<div class=\"wp-block-uagb-separator uagb-block-685a4415\"><div class=\"wp-block-uagb-separator__inner\" style=\"--my-background-image:url(&quot;data:image\/svg+xml,%3Csvg width='16' height='16' viewBox='0 0 16 16' fill='none' xmlns='http:\/\/www.w3.org\/2000\/svg'%3E%3Cpath d='M6.29312 16.9999L17 6.29302M14.2931 16.9999L17 14.293M-0.707031 15.9999L16.0002 -0.707153M8.00017 -0.707153L-0.706882 7.9999' stroke='black'\/%3E%3C\/svg%3E&quot;)\"><\/div><\/div>\n\n\n\n<div class=\"wp-block-uagb-info-box uagb-block-c86aa0c7 uagb-infobox__content-wrap  uagb-infobox-icon-above-title uagb-infobox-image-valign-top\"><div class=\"uagb-ifb-content\"><div class=\"uagb-ifb-title-wrap\"><h3 class=\"uagb-ifb-title\"><strong>Specific Objectives<\/strong><\/h3><\/div><p class=\"uagb-ifb-desc\">1. Sistematizar investigaciones existentes sobre sesgos tecnol\u00f3gicos desde un enfoque interseccional con \u00e9nfasis en ALAC.<br><br>2. Recopilar y analizar datos cuantitativos en tres \u00e1reas clave: pol\u00edticas p\u00fablicas, investigaci\u00f3n acad\u00e9mica y sector privado.<br><br>3. Formular recomendaciones pol\u00edticas y pr\u00e1cticas basadas en los hallazgos para fomentar un ecosistema tecnol\u00f3gico inclusivo.<\/p><\/div><\/div>\n\n\n\n<div class=\"wp-block-uagb-separator uagb-block-75177ccb\"><div class=\"wp-block-uagb-separator__inner\" style=\"--my-background-image:url(&quot;data:image\/svg+xml,%3Csvg width='16' height='16' viewBox='0 0 16 16' fill='none' xmlns='http:\/\/www.w3.org\/2000\/svg'%3E%3Cpath d='M6.29312 16.9999L17 6.29302M14.2931 16.9999L17 14.293M-0.707031 15.9999L16.0002 -0.707153M8.00017 -0.707153L-0.706882 7.9999' stroke='black'\/%3E%3C\/svg%3E&quot;)\"><\/div><\/div>\n\n\n\n<div class=\"wp-block-uagb-advanced-heading uagb-block-0293b1c7\"><h2 class=\"uagb-heading-text\"><strong>Description<\/strong><\/h2><\/div>\n<\/div><\/div>\n\n\n\n<div class=\"wp-block-uagb-container uagb-block-c7c3b5d0 alignfull uagb-is-root-container\"><div class=\"uagb-container-inner-blocks-wrap\">\n<div class=\"wp-block-uagb-container uagb-block-ac553df4\">\n<div class=\"wp-block-uagb-info-box uagb-block-df9bbc36 uagb-infobox__content-wrap  uagb-infobox-icon-above-title uagb-infobox-image-valign-top\"><div class=\"uagb-ifb-content\"><div class=\"uagb-ifb-icon-wrap\"><svg xmlns=\"https:\/\/www.w3.org\/2000\/svg\" viewbox=\"0 0 512 512\"><path d=\"M0 256C0 114.6 114.6 0 256 0C397.4 0 512 114.6 512 256C512 397.4 397.4 512 256 512C114.6 512 0 397.4 0 256zM371.8 211.8C382.7 200.9 382.7 183.1 371.8 172.2C360.9 161.3 343.1 161.3 332.2 172.2L224 280.4L179.8 236.2C168.9 225.3 151.1 225.3 140.2 236.2C129.3 247.1 129.3 264.9 140.2 275.8L204.2 339.8C215.1 350.7 232.9 350.7 243.8 339.8L371.8 211.8z\"><\/path><\/svg><\/div><div class=\"uagb-ifb-title-wrap\"><h3 class=\"uagb-ifb-title\"><strong>Sesgos en el Desarrollo Tecnol\u00f3gico<\/strong><\/h3><\/div><p class=\"uagb-ifb-desc\">Revisi\u00f3n sistem\u00e1tica sobre c\u00f3mo las desigualdades interseccionales impactan el acceso y desarrollo tecnol\u00f3gico en ALAC. Este an\u00e1lisis detectar\u00e1 vac\u00edos de conocimiento y prioridades emergentes para la regi\u00f3n, integrando perspectivas feministas e interseccionales.<br><\/p><\/div><\/div>\n<\/div>\n\n\n\n<div class=\"wp-block-uagb-container uagb-block-718f9b51\">\n<div class=\"wp-block-uagb-info-box uagb-block-702124e6 uagb-infobox__content-wrap  uagb-infobox-icon-above-title uagb-infobox-image-valign-top\"><div class=\"uagb-ifb-content\"><div class=\"uagb-ifb-icon-wrap\"><svg xmlns=\"https:\/\/www.w3.org\/2000\/svg\" viewbox=\"0 0 512 512\"><path d=\"M0 256C0 114.6 114.6 0 256 0C397.4 0 512 114.6 512 256C512 397.4 397.4 512 256 512C114.6 512 0 397.4 0 256zM371.8 211.8C382.7 200.9 382.7 183.1 371.8 172.2C360.9 161.3 343.1 161.3 332.2 172.2L224 280.4L179.8 236.2C168.9 225.3 151.1 225.3 140.2 236.2C129.3 247.1 129.3 264.9 140.2 275.8L204.2 339.8C215.1 350.7 232.9 350.7 243.8 339.8L371.8 211.8z\"><\/path><\/svg><\/div><div class=\"uagb-ifb-title-wrap\"><h3 class=\"uagb-ifb-title\"><strong>Pol\u00edticas P\u00fablicas STEM en Chile y Brasil<\/strong><\/h3><\/div><p class=\"uagb-ifb-desc\">Este componente compara pol\u00edticas p\u00fablicas que promueven la inclusi\u00f3n de mujeres en STEM, evaluando marcos legales, presupuestos y resultados. Destaca buenas pr\u00e1cticas en ambos pa\u00edses para fomentar una mayor representaci\u00f3n y equidad en el \u00e1mbito cient\u00edfico-tecnol\u00f3gico.<\/p><\/div><\/div>\n<\/div>\n\n\n\n<div class=\"wp-block-uagb-container uagb-block-8061e7d1\">\n<div class=\"wp-block-uagb-info-box uagb-block-8d672f9d uagb-infobox__content-wrap  uagb-infobox-icon-above-title uagb-infobox-image-valign-top\"><div class=\"uagb-ifb-content\"><div class=\"uagb-ifb-icon-wrap\"><svg xmlns=\"https:\/\/www.w3.org\/2000\/svg\" viewbox=\"0 0 512 512\"><path d=\"M0 256C0 114.6 114.6 0 256 0C397.4 0 512 114.6 512 256C512 397.4 397.4 512 256 512C114.6 512 0 397.4 0 256zM371.8 211.8C382.7 200.9 382.7 183.1 371.8 172.2C360.9 161.3 343.1 161.3 332.2 172.2L224 280.4L179.8 236.2C168.9 225.3 151.1 225.3 140.2 236.2C129.3 247.1 129.3 264.9 140.2 275.8L204.2 339.8C215.1 350.7 232.9 350.7 243.8 339.8L371.8 211.8z\"><\/path><\/svg><\/div><div class=\"uagb-ifb-title-wrap\"><h3 class=\"uagb-ifb-title\"><strong>Representaci\u00f3n de G\u00e9nero y Regi\u00f3n en Publicaciones Cient\u00edficas sobre Tecnolog\u00eda<\/strong><\/h3><\/div><p class=\"uagb-ifb-desc\">Se investigan patrones de representaci\u00f3n de g\u00e9nero y regiones en art\u00edculos cient\u00edficos sobre tecnolog\u00eda publicados en ALAC. Este an\u00e1lisis identificar\u00e1 tendencias de exclusi\u00f3n y propondr\u00e1 enfoques que visibilicen a comunidades y perspectivas hist\u00f3ricamente marginadas.<\/p><\/div><\/div>\n<\/div>\n\n\n\n<div class=\"wp-block-uagb-container uagb-block-177399bf\">\n<div class=\"wp-block-uagb-info-box uagb-block-2bcb8fe7 uagb-infobox__content-wrap  uagb-infobox-icon-above-title uagb-infobox-image-valign-top\"><div class=\"uagb-ifb-content\"><div class=\"uagb-ifb-icon-wrap\"><svg xmlns=\"https:\/\/www.w3.org\/2000\/svg\" viewbox=\"0 0 512 512\"><path d=\"M0 256C0 114.6 114.6 0 256 0C397.4 0 512 114.6 512 256C512 397.4 397.4 512 256 512C114.6 512 0 397.4 0 256zM371.8 211.8C382.7 200.9 382.7 183.1 371.8 172.2C360.9 161.3 343.1 161.3 332.2 172.2L224 280.4L179.8 236.2C168.9 225.3 151.1 225.3 140.2 236.2C129.3 247.1 129.3 264.9 140.2 275.8L204.2 339.8C215.1 350.7 232.9 350.7 243.8 339.8L371.8 211.8z\"><\/path><\/svg><\/div><div class=\"uagb-ifb-title-wrap\"><h3 class=\"uagb-ifb-title\"><strong>Desigualdades en el Financiamiento de Startups\/Empresas Tecnol\u00f3gicas en ALAC<\/strong><\/h3><\/div><p class=\"uagb-ifb-desc\">Se exploran las brechas de acceso al financiamiento para startups lideradas por mujeres en ALAC. A trav\u00e9s de datos comparativos, se analizar\u00e1n los desaf\u00edos enfrentados por estas empresas y se dise\u00f1ar\u00e1n recomendaciones para reducir las desigualdades econ\u00f3micas en el sector tecnol\u00f3gico.<\/p><\/div><\/div>\n<\/div>\n<\/div><\/div>\n\n\n\n<div class=\"wp-block-uagb-separator uagb-block-d6a43a32\"><div class=\"wp-block-uagb-separator__inner\" style=\"--my-background-image:url(&quot;data:image\/svg+xml,%3Csvg width='16' height='16' viewBox='0 0 16 16' fill='none' xmlns='http:\/\/www.w3.org\/2000\/svg'%3E%3Cpath d='M6.29312 16.9999L17 6.29302M14.2931 16.9999L17 14.293M-0.707031 15.9999L16.0002 -0.707153M8.00017 -0.707153L-0.706882 7.9999' stroke='black'\/%3E%3C\/svg%3E&quot;)\"><\/div><\/div>\n\n\n\n<div class=\"wp-block-uagb-advanced-heading uagb-block-040d76e4\"><h2 class=\"uagb-heading-text\"><strong><strong>Timetable<\/strong><\/strong><\/h2><\/div>\n\n\n\n<div class=\"wp-block-uagb-info-box uagb-block-384fb221 uagb-infobox__content-wrap  uagb-infobox-icon-above-title uagb-infobox-image-valign-top\"><div class=\"uagb-ifb-content\"><div class=\"uagb-ifb-title-wrap\"><\/div><p class=\"uagb-ifb-desc\">Inicio: Abril 2025<br>End: December 2025<\/p><\/div><\/div>\n\n\n\n<div class=\"wp-block-uagb-separator uagb-block-575d5799\"><div class=\"wp-block-uagb-separator__inner\" style=\"--my-background-image:\"><\/div><\/div>\n<\/div><\/div>\n<\/div><\/div>","protected":false},"excerpt":{"rendered":"<p>Proyecto Objetivo General Analizar los sesgos en la tecnolog\u00eda en ALAC desde una perspectiva feminista situada, identificando brechas y desigualdades en la producci\u00f3n, acceso y uso de tecnolog\u00edas, para proponer estrategias inclusivas que promuevan equidad y justicia tecnol\u00f3gica. Descripci\u00f3n Cronograma<\/p>","protected":false},"author":1,"featured_media":0,"parent":0,"menu_order":0,"comment_status":"closed","ping_status":"closed","template":"","meta":{"_uag_custom_page_level_css":"","site-sidebar-layout":"no-sidebar","site-content-layout":"page-builder","ast-site-content-layout":"full-width-container","site-content-style":"unboxed","site-sidebar-style":"default","ast-global-header-display":"","ast-banner-title-visibility":"","ast-main-header-display":"","ast-hfb-above-header-display":"","ast-hfb-below-header-display":"","ast-hfb-mobile-header-display":"","site-post-title":"disabled","ast-breadcrumbs-content":"","ast-featured-img":"disabled","footer-sml-layout":"","theme-transparent-header-meta":"enabled","adv-header-id-meta":"","stick-header-meta":"","header-above-stick-meta":"","header-main-stick-meta":"","header-below-stick-meta":"","astra-migrate-meta-layouts":"set","ast-page-background-enabled":"default","ast-page-background-meta":{"desktop":{"background-color":"var(--ast-global-color-4)","background-image":"","background-repeat":"repeat","background-position":"center center","background-size":"auto","background-attachment":"scroll","background-type":"","background-media":"","overlay-type":"","overlay-color":"","overlay-opacity":"","overlay-gradient":""},"tablet":{"background-color":"","background-image":"","background-repeat":"repeat","background-position":"center center","background-size":"auto","background-attachment":"scroll","background-type":"","background-media":"","overlay-type":"","overlay-color":"","overlay-opacity":"","overlay-gradient":""},"mobile":{"background-color":"","background-image":"","background-repeat":"repeat","background-position":"center center","background-size":"auto","background-attachment":"scroll","background-type":"","background-media":"","overlay-type":"","overlay-color":"","overlay-opacity":"","overlay-gradient":""}},"ast-content-background-meta":{"desktop":{"background-color":"var(--ast-global-color-5)","background-image":"","background-repeat":"repeat","background-position":"center center","background-size":"auto","background-attachment":"scroll","background-type":"","background-media":"","overlay-type":"","overlay-color":"","overlay-opacity":"","overlay-gradient":""},"tablet":{"background-color":"var(--ast-global-color-5)","background-image":"","background-repeat":"repeat","background-position":"center center","background-size":"auto","background-attachment":"scroll","background-type":"","background-media":"","overlay-type":"","overlay-color":"","overlay-opacity":"","overlay-gradient":""},"mobile":{"background-color":"var(--ast-global-color-5)","background-image":"","background-repeat":"repeat","background-position":"center center","background-size":"auto","background-attachment":"scroll","background-type":"","background-media":"","overlay-type":"","overlay-color":"","overlay-opacity":"","overlay-gradient":""}},"footnotes":""},"class_list":["post-1324","page","type-page","status-publish","hentry"],"uagb_featured_image_src":{"full":false,"thumbnail":false,"medium":false,"medium_large":false,"large":false,"1536x1536":false,"2048x2048":false,"trp-custom-language-flag":false},"uagb_author_info":{"display_name":"constanza.gonzalezveliz","author_link":"https:\/\/sesgos.situada.online\/en\/author\/constanza-gonzalezveliz\/"},"uagb_comment_info":0,"uagb_excerpt":"Proyecto Objetivo General Analizar los sesgos en la tecnolog\u00eda en ALAC desde una perspectiva feminista situada, identificando brechas y desigualdades en la producci\u00f3n, acceso y uso de tecnolog\u00edas, para proponer estrategias inclusivas que promuevan equidad y justicia tecnol\u00f3gica. Descripci\u00f3n Cronograma","_links":{"self":[{"href":"https:\/\/sesgos.situada.online\/en\/wp-json\/wp\/v2\/pages\/1324"}],"collection":[{"href":"https:\/\/sesgos.situada.online\/en\/wp-json\/wp\/v2\/pages"}],"about":[{"href":"https:\/\/sesgos.situada.online\/en\/wp-json\/wp\/v2\/types\/page"}],"author":[{"embeddable":true,"href":"https:\/\/sesgos.situada.online\/en\/wp-json\/wp\/v2\/users\/1"}],"replies":[{"embeddable":true,"href":"https:\/\/sesgos.situada.online\/en\/wp-json\/wp\/v2\/comments?post=1324"}],"version-history":[{"count":15,"href":"https:\/\/sesgos.situada.online\/en\/wp-json\/wp\/v2\/pages\/1324\/revisions"}],"predecessor-version":[{"id":2405,"href":"https:\/\/sesgos.situada.online\/en\/wp-json\/wp\/v2\/pages\/1324\/revisions\/2405"}],"wp:attachment":[{"href":"https:\/\/sesgos.situada.online\/en\/wp-json\/wp\/v2\/media?parent=1324"}],"curies":[{"name":"wp","href":"https:\/\/api.w.org\/{rel}","templated":true}]}}