{"id":1322,"date":"2024-07-25T03:30:53","date_gmt":"2024-07-25T03:30:53","guid":{"rendered":"https:\/\/sesgos.situada.online\/home\/"},"modified":"2024-12-15T03:50:28","modified_gmt":"2024-12-15T03:50:28","slug":"inicio","status":"publish","type":"page","link":"https:\/\/sesgos.situada.online\/en\/","title":{"rendered":"Home"},"content":{"rendered":"<div class=\"wp-block-uagb-container uagb-block-494c42c4 alignfull uagb-is-root-container\"><div class=\"uagb-container-inner-blocks-wrap\">\n<div class=\"wp-block-uagb-container uagb-block-1caca4ce\">\n<div class=\"wp-block-uagb-container uagb-block-c6d92a21\">\n<div class=\"wp-block-uagb-advanced-heading uagb-block-72cf48f8\"><h1 class=\"uagb-heading-text\"><strong>Sesgos en el Desarrollo Tecnol\u00f3gico<\/strong><\/h1><\/div>\n\n\n\n<div class=\"wp-block-uagb-advanced-heading uagb-block-07350a9c\"><h2 class=\"uagb-heading-text\">Hacia un Ecosistema Tecnol\u00f3gico Justo e Inclusivo<\/h2><\/div>\n<\/div>\n<\/div>\n<\/div><\/div>\n\n\n\n<div class=\"wp-block-uagb-container uagb-block-a38b4913 alignfull uagb-is-root-container\"><div class=\"uagb-container-inner-blocks-wrap\">\n<div class=\"wp-block-uagb-advanced-heading uagb-block-2b5f3149\"><h2 class=\"uagb-heading-text\">Analizamos las desigualdades tecnol\u00f3gicas para un futuro equitativo<\/h2><div class=\"uagb-separator\"><\/div><\/div>\n\n\n\n<div class=\"wp-block-uagb-advanced-heading uagb-block-ec0e4396\"><h2 class=\"uagb-heading-text\">Exploramos explora c\u00f3mo las desigualdades interseccionales afectan el ecosistema tecnol\u00f3gico en ALAC. Analizamos brechas en pol\u00edticas, ciencia y startups para proponer estrategias inclusivas que promuevan un desarrollo tecnol\u00f3gico justo.<\/h2><\/div>\n\n\n\n<div class=\"wp-block-uagb-container uagb-block-66fd2259 alignfull uagb-is-root-container\"><div class=\"uagb-container-inner-blocks-wrap\">\n<div class=\"wp-block-uagb-container uagb-block-1b97a0fc\">\n<figure class=\"wp-block-image size-full\"><img loading=\"lazy\" decoding=\"async\" width=\"1707\" height=\"2560\" src=\"https:\/\/sesgos.situada.online\/wp-content\/uploads\/2024\/12\/Mujer-desarrolladora-scaled.jpg\" alt=\"\" class=\"wp-image-2424\" srcset=\"https:\/\/sesgos.situada.online\/wp-content\/uploads\/2024\/12\/Mujer-desarrolladora-scaled.jpg 1707w, https:\/\/sesgos.situada.online\/wp-content\/uploads\/2024\/12\/Mujer-desarrolladora-200x300.jpg 200w, https:\/\/sesgos.situada.online\/wp-content\/uploads\/2024\/12\/Mujer-desarrolladora-683x1024.jpg 683w, https:\/\/sesgos.situada.online\/wp-content\/uploads\/2024\/12\/Mujer-desarrolladora-768x1152.jpg 768w, https:\/\/sesgos.situada.online\/wp-content\/uploads\/2024\/12\/Mujer-desarrolladora-1024x1536.jpg 1024w, https:\/\/sesgos.situada.online\/wp-content\/uploads\/2024\/12\/Mujer-desarrolladora-1365x2048.jpg 1365w, https:\/\/sesgos.situada.online\/wp-content\/uploads\/2024\/12\/Mujer-desarrolladora-8x12.jpg 8w\" sizes=\"(max-width: 1707px) 100vw, 1707px\" \/><\/figure>\n\n\n\n<div class=\"wp-block-uagb-info-box uagb-block-9fb6339e uagb-infobox__content-wrap  uagb-infobox-icon-above-title uagb-infobox-image-valign-top\"><div class=\"uagb-ifb-content\"><div class=\"uagb-ifb-title-wrap\"><h3 class=\"uagb-ifb-title\"><strong>Sesgos en el Desarrollo Tecnol\u00f3gico<\/strong><\/h3><\/div><p class=\"uagb-ifb-desc\">Revisi\u00f3n sistem\u00e1tica sobre c\u00f3mo las desigualdades interseccionales impactan el acceso y desarrollo tecnol\u00f3gico en ALAC. Este an\u00e1lisis detectar\u00e1 vac\u00edos de conocimiento y prioridades emergentes para la regi\u00f3n, integrando perspectivas feministas e interseccionales.<\/p><\/div><\/div>\n\n\n\n<div style=\"height:38px\" aria-hidden=\"true\" class=\"wp-block-spacer\"><\/div>\n<\/div>\n\n\n\n<div class=\"wp-block-uagb-container uagb-block-069c2d8c\">\n<figure class=\"wp-block-image size-full is-resized\"><img loading=\"lazy\" decoding=\"async\" width=\"1333\" height=\"2000\" src=\"https:\/\/sesgos.situada.online\/wp-content\/uploads\/2024\/12\/Ley.jpg\" alt=\"\" class=\"wp-image-2426\" style=\"width:546px;height:auto\" srcset=\"https:\/\/sesgos.situada.online\/wp-content\/uploads\/2024\/12\/Ley.jpg 1333w, https:\/\/sesgos.situada.online\/wp-content\/uploads\/2024\/12\/Ley-200x300.jpg 200w, https:\/\/sesgos.situada.online\/wp-content\/uploads\/2024\/12\/Ley-682x1024.jpg 682w, https:\/\/sesgos.situada.online\/wp-content\/uploads\/2024\/12\/Ley-768x1152.jpg 768w, https:\/\/sesgos.situada.online\/wp-content\/uploads\/2024\/12\/Ley-1024x1536.jpg 1024w, https:\/\/sesgos.situada.online\/wp-content\/uploads\/2024\/12\/Ley-8x12.jpg 8w\" sizes=\"(max-width: 1333px) 100vw, 1333px\" \/><\/figure>\n\n\n\n<div class=\"wp-block-uagb-info-box uagb-block-f0ff5fcc uagb-infobox__content-wrap  uagb-infobox-icon-above-title uagb-infobox-image-valign-top\"><div class=\"uagb-ifb-content\"><div class=\"uagb-ifb-title-wrap\"><h3 class=\"uagb-ifb-title\"><strong>Pol\u00edticas P\u00fablicas STEM en Chile y Brasil<\/strong><\/h3><\/div><p class=\"uagb-ifb-desc\">Este componente compara pol\u00edticas p\u00fablicas que promueven la inclusi\u00f3n de mujeres en STEM, evaluando marcos legales, presupuestos y resultados. Destaca buenas pr\u00e1cticas en ambos pa\u00edses para fomentar una mayor representaci\u00f3n y equidad en el \u00e1mbito cient\u00edfico-tecnol\u00f3gico.<\/p><\/div><\/div>\n\n\n\n<div style=\"height:38px\" aria-hidden=\"true\" class=\"wp-block-spacer\"><\/div>\n<\/div>\n\n\n\n<div class=\"wp-block-uagb-container uagb-block-9f9401e1\">\n<div class=\"wp-block-uagb-container uagb-block-e46fc38b alignfull uagb-is-root-container\"><div class=\"uagb-container-inner-blocks-wrap\">\n<div class=\"wp-block-uagb-container uagb-block-c7a32493\">\n<figure class=\"wp-block-image size-full\"><img loading=\"lazy\" decoding=\"async\" width=\"1369\" height=\"1706\" src=\"https:\/\/sesgos.situada.online\/wp-content\/uploads\/2024\/12\/Mujer-ciencia-scaled-e1734232549249.jpg\" alt=\"\" class=\"wp-image-2419\" srcset=\"https:\/\/sesgos.situada.online\/wp-content\/uploads\/2024\/12\/Mujer-ciencia-scaled-e1734232549249.jpg 1369w, https:\/\/sesgos.situada.online\/wp-content\/uploads\/2024\/12\/Mujer-ciencia-scaled-e1734232549249-241x300.jpg 241w, https:\/\/sesgos.situada.online\/wp-content\/uploads\/2024\/12\/Mujer-ciencia-scaled-e1734232549249-822x1024.jpg 822w, https:\/\/sesgos.situada.online\/wp-content\/uploads\/2024\/12\/Mujer-ciencia-scaled-e1734232549249-768x957.jpg 768w, https:\/\/sesgos.situada.online\/wp-content\/uploads\/2024\/12\/Mujer-ciencia-scaled-e1734232549249-1233x1536.jpg 1233w, https:\/\/sesgos.situada.online\/wp-content\/uploads\/2024\/12\/Mujer-ciencia-scaled-e1734232549249-10x12.jpg 10w\" sizes=\"(max-width: 1369px) 100vw, 1369px\" \/><\/figure>\n\n\n\n<div class=\"wp-block-uagb-info-box uagb-block-855d2ed5 uagb-infobox__content-wrap  uagb-infobox-icon-above-title uagb-infobox-image-valign-top\"><div class=\"uagb-ifb-content\"><div class=\"uagb-ifb-title-wrap\"><h3 class=\"uagb-ifb-title\"><strong>Representaci\u00f3n de G\u00e9nero y Regi\u00f3n en Publicaciones Cient\u00edficas sobre Tecnolog\u00eda<\/strong><div class=\"uagb-ifb-title-wrap\" style=\"box-sizing: inherit; width: 547.188px; color: rgb(69, 79, 94); font-family: Lato, sans-serif; font-size: 17px; white-space-collapse: collapse; background-color: rgb(255, 255, 255);\"><div><span style=\"box-sizing: inherit; font-weight: 700;\"><\/span><\/div><\/div><\/h3><\/div><p class=\"uagb-ifb-desc\">Se investigan patrones de representaci\u00f3n de g\u00e9nero y regiones en art\u00edculos cient\u00edficos sobre tecnolog\u00eda publicados en ALAC. Este an\u00e1lisis identificar\u00e1 tendencias de exclusi\u00f3n y propondr\u00e1 enfoques que visibilicen a comunidades y perspectivas hist\u00f3ricamente marginadas.<\/p><\/div><\/div>\n<\/div>\n<\/div><\/div>\n<\/div>\n\n\n\n<div class=\"wp-block-uagb-container uagb-block-ca427584\">\n<figure class=\"wp-block-image size-full\"><img decoding=\"async\" src=\"https:\/\/sesgos.situada.online\/wp-content\/uploads\/2024\/12\/Mujer-tech-e1734232214391.jpg\" alt=\"\" class=\"wp-image-2417\"\/><\/figure>\n\n\n\n<div class=\"wp-block-uagb-info-box uagb-block-d4610726 uagb-infobox__content-wrap  uagb-infobox-icon-above-title uagb-infobox-image-valign-top\"><div class=\"uagb-ifb-content\"><div class=\"uagb-ifb-title-wrap\"><h3 class=\"uagb-ifb-title\"><strong>Desigualdades en el Financiamiento de Startups\/Empresas Tecnol\u00f3gicas en ALAC<\/strong><div class=\"uagb-ifb-title-wrap\" style=\"box-sizing: inherit; width: 547.188px; color: rgb(69, 79, 94); font-family: Lato, sans-serif; font-size: 17px; white-space-collapse: collapse; background-color: rgb(255, 255, 255);\"><div><span style=\"box-sizing: inherit; font-weight: 700;\"><\/span><\/div><\/div><\/h3><\/div><p class=\"uagb-ifb-desc\">Se exploran las brechas de acceso al financiamiento para startups lideradas por mujeres en ALAC. A trav\u00e9s de datos comparativos, se analizar\u00e1n los desaf\u00edos enfrentados por estas empresas y se dise\u00f1ar\u00e1n recomendaciones para reducir las desigualdades econ\u00f3micas en el sector tecnol\u00f3gico.<\/p><\/div><\/div>\n<\/div>\n<\/div><\/div>\n\n\n\n<div style=\"height:57px\" aria-hidden=\"true\" class=\"wp-block-spacer\"><\/div>\n<\/div><\/div>\n\n\n\n<div class=\"wp-block-uagb-container uagb-block-fb32e4bf alignfull uagb-is-root-container\"><div class=\"uagb-container-inner-blocks-wrap\">\n<div class=\"wp-block-uagb-testimonial uagb-slick-carousel uagb-tm__arrow-outside uagb-block-9c9f7caf uagb-post__carousel_notset uagb-post__carousel_notset-tablet uagb-post__carousel_notset-mobile\"><div class=\"is-carousel uagb-tm__columns-1 uagb-tm__items\"><div class=\"uagb-testimonial__wrap  uagb-tm__imgicon-style-circle uagb-tm__image-position-top uagb-tm__bg-type-none\"><div class=\"uagb-tm__content\"><div class=\"uagb-tm__overlay\"><\/div><div class=\"uagb-tm__image-content\"><div class=\"uagb-tm__image\"><img decoding=\"async\" class=\"uagb-tm-img-src\" src=\"https:\/\/sesgos.situada.online\/wp-content\/uploads\/2024\/07\/cropped-cropped-Sesgos-de-genero-150x150.png\" alt=\"\" width=\"80\" height=\"80\" loading=\"lazy\"\/><\/div><\/div><div class=\"uagb-tm__text-wrap\"><div class=\"uagb-tm__desc\"><em>Cuestionar la tecnolog\u00eda es cuestionar el poder. Solo reconociendo y desmantelando los sesgos estructurales construiremos un ecosistema tecnol\u00f3gico que refleje y respete la diversidad de nuestras sociedades.<\/em><\/div><div class=\"uagb-tm__meta-inner\"><div class=\"uagb-testimonial-details\"><span class=\"uagb-tm__author-name\"><\/span><span class=\"uagb-tm__company\"><\/span><\/div><\/div><\/div><\/div><\/div><\/div><\/div>\n<\/div><\/div>\n\n\n\n<div class=\"wp-block-uagb-container uagb-block-f3942af0 alignfull uagb-is-root-container\"><div class=\"uagb-container-inner-blocks-wrap\">\n<div class=\"wp-block-uagb-container uagb-block-bcac75b1\">\n<div class=\"wp-block-uagb-info-box uagb-block-a01009d9 uagb-infobox__content-wrap  uagb-infobox-icon-above-title uagb-infobox-image-valign-top\"><div class=\"uagb-ifb-content\"><div class=\"uagb-ifb-title-wrap\"><span class=\"uagb-ifb-title-prefix\">About the Project<\/span><h4 class=\"uagb-ifb-title\">Sesgos en el Desarrollo Tecnol\u00f3gico<\/h4><\/div><p class=\"uagb-ifb-desc\">Este proyecto investiga las desigualdades interseccionales en tecnolog\u00eda en ALAC, examinando brechas en pol\u00edticas STEM, ciencia y startups. Desde una perspectiva feminista, propone recomendaciones inclusivas para transformar el ecosistema tecnol\u00f3gico y garantizar un acceso equitativo, fomentando herramientas justas y colaborativas.<\/p><div class=\"uagb-ifb-button-wrapper wp-block-button\"><a href=\"https:\/\/sesgos.situada.online\/en\/proyecto\/\" class=\"uagb-infobox-cta-link wp-block-button__link\" target=\"_self\" rel=\"noopener noreferrer\" onclick=\"return true;\"><span class=\"uagb-inline-editing\">Read more<\/span><svg xmlns=\"https:\/\/www.w3.org\/2000\/svg\" viewbox=\"0 0 448 512\"><path d=\"M438.6 278.6l-160 160C272.4 444.9 264.2 448 256 448s-16.38-3.125-22.62-9.375c-12.5-12.5-12.5-32.75 0-45.25L338.8 288H32C14.33 288 .0016 273.7 .0016 256S14.33 224 32 224h306.8l-105.4-105.4c-12.5-12.5-12.5-32.75 0-45.25s32.75-12.5 45.25 0l160 160C451.1 245.9 451.1 266.1 438.6 278.6z\"><\/path><\/svg><\/a><\/div><\/div><\/div>\n<\/div>\n\n\n\n<div class=\"wp-block-uagb-container uagb-block-0408e4b0\">\n<div class=\"wp-block-uagb-image uagb-block-6600880d wp-block-uagb-image--layout-default wp-block-uagb-image--effect-static wp-block-uagb-image--align-none\"><figure class=\"wp-block-uagb-image__figure\"><img decoding=\"async\" srcset=\"https:\/\/sesgos.situada.online\/wp-content\/uploads\/2024\/07\/Portada_sesgos2-1024x683.jpg ,https:\/\/sesgos.situada.online\/wp-content\/uploads\/2024\/07\/Portada_sesgos2-scaled.jpg 780w, https:\/\/sesgos.situada.online\/wp-content\/uploads\/2024\/07\/Portada_sesgos2-scaled.jpg 360w\" sizes=\"(max-width: 480px) 150px\" src=\"https:\/\/sesgos.situada.online\/wp-content\/uploads\/2024\/07\/Portada_sesgos2-1024x683.jpg\" alt=\"\" class=\"uag-image-2335\" width=\"1024\" height=\"683\" title=\"Portada_sesgos2\" loading=\"lazy\" role=\"img\"\/><\/figure><\/div>\n<\/div>\n<\/div><\/div>\n\n\n\n<div class=\"wp-block-uagb-advanced-heading uagb-block-954c00e1\"><h2 class=\"uagb-heading-text\">Related Projects<\/h2><div class=\"uagb-separator\"><\/div><\/div>\n\n\n\n<div class=\"wp-block-uagb-container uagb-block-aefe67cb alignfull uagb-is-root-container\"><div class=\"uagb-container-inner-blocks-wrap\">\n<div class=\"wp-block-uagb-container uagb-block-e0947174\">\n<div class=\"wp-block-uagb-info-box uagb-block-5f20f68d uagb-infobox__content-wrap  uagb-infobox-icon-above-title uagb-infobox-image-valign-top\"><div class=\"uagb-ifb-content\"><div class=\"uagb-ifb-image-content\"><img decoding=\"async\" src=\"https:\/\/sesgos.situada.online\/wp-content\/uploads\/2024\/08\/Digital-Commons.png\" alt=\"\" width=\"\" height=\"0\" loading=\"lazy\"\/><\/div><div class=\"uagb-ifb-title-wrap\"><h3 class=\"uagb-ifb-title\">Digital Commons<\/h3><\/div><p class=\"uagb-ifb-desc\">This project investigates the impact of digital commons in the region, focusing on understanding the role of feminist digital commons and its influence in the fight for gender equality and social justice. Using an interdisciplinary approach, she deepens her understanding and relationship with local feminist movements.<br><\/p><div class=\"uagb-ifb-button-wrapper wp-block-button\"><a href=\"https:\/\/comunes.situada.online\/\" class=\"uagb-infobox-cta-link wp-block-button__link\" target=\"_blank\" rel=\"noopener noreferrer\" onclick=\"return true;\"><span class=\"uagb-inline-editing\">Read more<\/span><svg xmlns=\"https:\/\/www.w3.org\/2000\/svg\" viewbox=\"0 0 512 512\"><path d=\"M504.3 273.6l-112.1 104c-6.992 6.484-17.18 8.218-25.94 4.406c-8.758-3.812-14.42-12.45-14.42-21.1L351.9 288H32C14.33 288 .0002 273.7 .0002 255.1S14.33 224 32 224h319.9l0-72c0-9.547 5.66-18.19 14.42-22c8.754-3.809 18.95-2.075 25.94 4.41l112.1 104C514.6 247.9 514.6 264.1 504.3 273.6z\"><\/path><\/svg><\/a><\/div><\/div><\/div>\n<\/div>\n\n\n\n<div class=\"wp-block-uagb-container uagb-block-83aa7a95\">\n<div class=\"wp-block-uagb-info-box uagb-block-28f3862b uagb-infobox__content-wrap  uagb-infobox-icon-above-title uagb-infobox-image-valign-top\"><div class=\"uagb-ifb-content\"><div class=\"uagb-ifb-image-content\"><img decoding=\"async\" src=\"https:\/\/sesgos.situada.online\/wp-content\/uploads\/2024\/12\/VERITAS-ALAC.png\" alt=\"\" width=\"\" height=\"0\" loading=\"lazy\"\/><\/div><div class=\"uagb-ifb-title-wrap\"><h3 class=\"uagb-ifb-title\">VERITAS ALAC<\/h3><\/div><p class=\"uagb-ifb-desc\">Este proyecto explora las intersecciones entre tecnolog\u00eda y g\u00e9nero en ALAC, destacando los riesgos de las tecnolog\u00edas emergentes para las mujeres. El proyecto visibiliza desigualdades digitales y ciberviolencias, y promueve estrategias feministas inclusivas para transformar entornos digitales en espacios m\u00e1s equitativos, seguros y \u00e9ticos.<br><a href=\"https:\/\/resistencias.situada.online\/\"><\/a><\/p><div class=\"uagb-ifb-button-wrapper wp-block-button\"><a href=\"https:\/\/veritas.situada.online\/\" class=\"uagb-infobox-cta-link wp-block-button__link\" target=\"_blank\" rel=\"noopener noreferrer\" onclick=\"return true;\"><span class=\"uagb-inline-editing\">Read more<\/span><svg xmlns=\"https:\/\/www.w3.org\/2000\/svg\" viewbox=\"0 0 512 512\"><path d=\"M504.3 273.6l-112.1 104c-6.992 6.484-17.18 8.218-25.94 4.406c-8.758-3.812-14.42-12.45-14.42-21.1L351.9 288H32C14.33 288 .0002 273.7 .0002 255.1S14.33 224 32 224h319.9l0-72c0-9.547 5.66-18.19 14.42-22c8.754-3.809 18.95-2.075 25.94 4.41l112.1 104C514.6 247.9 514.6 264.1 504.3 273.6z\"><\/path><\/svg><\/a><\/div><\/div><\/div>\n<\/div>\n<\/div><\/div>\n\n\n\n<div style=\"height:50px\" aria-hidden=\"true\" class=\"wp-block-spacer\"><\/div>\n\n\n\n<div class=\"wp-block-uagb-container uagb-block-05a4a518 alignfull uagb-is-root-container\"><div class=\"uagb-container-inner-blocks-wrap\">\n<div class=\"wp-block-uagb-info-box uagb-block-9a97965e uagb-infobox__content-wrap  uagb-infobox-icon-above-title uagb-infobox-image-valign-top\"><div class=\"uagb-ifb-content\"><div class=\"uagb-ifb-title-wrap\"><h1 class=\"uagb-ifb-title\">situada.online<\/h1><\/div><p class=\"uagb-ifb-desc\">We explore technology from a Latin American and feminist perspective, recognizing it as a space of power and possibility that we seek to transform.<\/p><div class=\"uagb-ifb-button-wrapper wp-block-button\"><a href=\"https:\/\/situada.online\/\" class=\"uagb-infobox-cta-link wp-block-button__link\" target=\"_blank\" rel=\"noopener noreferrer\" onclick=\"return true;\"><span class=\"uagb-inline-editing\">Read more<\/span><svg xmlns=\"https:\/\/www.w3.org\/2000\/svg\" viewbox=\"0 0 448 512\"><path d=\"M438.6 278.6l-160 160C272.4 444.9 264.2 448 256 448s-16.38-3.125-22.62-9.375c-12.5-12.5-12.5-32.75 0-45.25L338.8 288H32C14.33 288 .0016 273.7 .0016 256S14.33 224 32 224h306.8l-105.4-105.4c-12.5-12.5-12.5-32.75 0-45.25s32.75-12.5 45.25 0l160 160C451.1 245.9 451.1 266.1 438.6 278.6z\"><\/path><\/svg><\/a><\/div><\/div><\/div>\n<\/div><\/div>","protected":false},"excerpt":{"rendered":"<p>Sesgos en el Desarrollo Tecnol\u00f3gico Hacia un Ecosistema Tecnol\u00f3gico Justo e Inclusivo Analizamos las desigualdades tecnol\u00f3gicas para un futuro equitativo Exploramos explora c\u00f3mo las desigualdades interseccionales afectan el ecosistema tecnol\u00f3gico en ALAC. Analizamos brechas en pol\u00edticas, ciencia y startups para proponer estrategias inclusivas que promuevan un desarrollo tecnol\u00f3gico justo. Proyectos Relacionados<\/p>","protected":false},"author":1,"featured_media":0,"parent":0,"menu_order":0,"comment_status":"closed","ping_status":"closed","template":"","meta":{"_uag_custom_page_level_css":"","site-sidebar-layout":"no-sidebar","site-content-layout":"page-builder","ast-site-content-layout":"full-width-container","site-content-style":"unboxed","site-sidebar-style":"unboxed","ast-global-header-display":"","ast-banner-title-visibility":"","ast-main-header-display":"","ast-hfb-above-header-display":"","ast-hfb-below-header-display":"","ast-hfb-mobile-header-display":"","site-post-title":"disabled","ast-breadcrumbs-content":"","ast-featured-img":"disabled","footer-sml-layout":"","theme-transparent-header-meta":"enabled","adv-header-id-meta":"","stick-header-meta":"","header-above-stick-meta":"","header-main-stick-meta":"","header-below-stick-meta":"","astra-migrate-meta-layouts":"set","ast-page-background-enabled":"default","ast-page-background-meta":{"desktop":{"background-color":"var(--ast-global-color-4)","background-image":"","background-repeat":"repeat","background-position":"center center","background-size":"auto","background-attachment":"scroll","background-type":"","background-media":"","overlay-type":"","overlay-color":"","overlay-opacity":"","overlay-gradient":""},"tablet":{"background-color":"","background-image":"","background-repeat":"repeat","background-position":"center center","background-size":"auto","background-attachment":"scroll","background-type":"","background-media":"","overlay-type":"","overlay-color":"","overlay-opacity":"","overlay-gradient":""},"mobile":{"background-color":"","background-image":"","background-repeat":"repeat","background-position":"center center","background-size":"auto","background-attachment":"scroll","background-type":"","background-media":"","overlay-type":"","overlay-color":"","overlay-opacity":"","overlay-gradient":""}},"ast-content-background-meta":{"desktop":{"background-color":"var(--ast-global-color-5)","background-image":"","background-repeat":"repeat","background-position":"center center","background-size":"auto","background-attachment":"scroll","background-type":"","background-media":"","overlay-type":"","overlay-color":"","overlay-opacity":"","overlay-gradient":""},"tablet":{"background-color":"var(--ast-global-color-5)","background-image":"","background-repeat":"repeat","background-position":"center center","background-size":"auto","background-attachment":"scroll","background-type":"","background-media":"","overlay-type":"","overlay-color":"","overlay-opacity":"","overlay-gradient":""},"mobile":{"background-color":"var(--ast-global-color-5)","background-image":"","background-repeat":"repeat","background-position":"center center","background-size":"auto","background-attachment":"scroll","background-type":"","background-media":"","overlay-type":"","overlay-color":"","overlay-opacity":"","overlay-gradient":""}},"footnotes":""},"class_list":["post-1322","page","type-page","status-publish","hentry"],"uagb_featured_image_src":{"full":false,"thumbnail":false,"medium":false,"medium_large":false,"large":false,"1536x1536":false,"2048x2048":false,"trp-custom-language-flag":false},"uagb_author_info":{"display_name":"constanza.gonzalezveliz","author_link":"https:\/\/sesgos.situada.online\/en\/author\/constanza-gonzalezveliz\/"},"uagb_comment_info":0,"uagb_excerpt":"Sesgos en el Desarrollo Tecnol\u00f3gico Hacia un Ecosistema Tecnol\u00f3gico Justo e Inclusivo Analizamos las desigualdades tecnol\u00f3gicas para un futuro equitativo Exploramos explora c\u00f3mo las desigualdades interseccionales afectan el ecosistema tecnol\u00f3gico en ALAC. Analizamos brechas en pol\u00edticas, ciencia y startups para proponer estrategias inclusivas que promuevan un desarrollo tecnol\u00f3gico justo. Proyectos Relacionados","_links":{"self":[{"href":"https:\/\/sesgos.situada.online\/en\/wp-json\/wp\/v2\/pages\/1322"}],"collection":[{"href":"https:\/\/sesgos.situada.online\/en\/wp-json\/wp\/v2\/pages"}],"about":[{"href":"https:\/\/sesgos.situada.online\/en\/wp-json\/wp\/v2\/types\/page"}],"author":[{"embeddable":true,"href":"https:\/\/sesgos.situada.online\/en\/wp-json\/wp\/v2\/users\/1"}],"replies":[{"embeddable":true,"href":"https:\/\/sesgos.situada.online\/en\/wp-json\/wp\/v2\/comments?post=1322"}],"version-history":[{"count":54,"href":"https:\/\/sesgos.situada.online\/en\/wp-json\/wp\/v2\/pages\/1322\/revisions"}],"predecessor-version":[{"id":2429,"href":"https:\/\/sesgos.situada.online\/en\/wp-json\/wp\/v2\/pages\/1322\/revisions\/2429"}],"wp:attachment":[{"href":"https:\/\/sesgos.situada.online\/en\/wp-json\/wp\/v2\/media?parent=1322"}],"curies":[{"name":"wp","href":"https:\/\/api.w.org\/{rel}","templated":true}]}}